{"id":2407,"date":"2022-07-19T20:29:38","date_gmt":"2022-07-19T20:29:38","guid":{"rendered":"https:\/\/alacarachas.com\/home\/?post_type=product&#038;p=2407"},"modified":"2022-08-16T16:19:26","modified_gmt":"2022-08-16T16:19:26","slug":"stickers-hojas-stickers","status":"publish","type":"product","link":"https:\/\/alacarachas.com\/home\/producto\/stickers-hojas-stickers\/","title":{"rendered":"Stickers Hojas"},"content":{"rendered":"<p>Vinilo adhesivo personalizado, te permite ubicar varios dise\u00f1os de stickers adhesivos en una hoja, manejamos diferentes tama\u00f1os de hoja y puedes poner el dise\u00f1o que quieras en toda la hoja.<\/p>\n<p>Entregas de producto para Bogot\u00e1 y alrededores<\/p>\n<p>2 \u2013 3 d\u00edas h\u00e1biles.<\/p>\n<p>Entregas de producto para el resto del pa\u00eds<\/p>\n<p>3 \u2013 4 d\u00edas h\u00e1biles.<\/p>\n","protected":false},"excerpt":{"rendered":"<p>Vinilo adhesivo personalizado, te permite ubicar varios dise\u00f1os de stickers adhesivos en una hoja, manejamos diferentes tama\u00f1os de hoja y puedes poner el dise\u00f1o que quieras en toda la hoja.<\/p>\n<p>Entregas de producto para Bogot\u00e1 y alrededores<\/p>\n<p>2 \u2013 3 d\u00edas h\u00e1biles.<\/p>\n<p>Entregas de producto para el resto del pa\u00eds<\/p>\n<p>3 \u2013 4 d\u00edas h\u00e1biles.<\/p>\n","protected":false},"featured_media":2421,"comment_status":"open","ping_status":"closed","template":"","meta":{"_monsterinsights_skip_tracking":false,"_monsterinsights_sitenote_active":false,"_monsterinsights_sitenote_note":"","_monsterinsights_sitenote_category":0},"product_brand":[],"product_cat":[51],"product_tag":[],"class_list":{"0":"post-2407","1":"product","2":"type-product","3":"status-publish","4":"has-post-thumbnail","6":"product_cat-stickers-etiquetas-adhesivas","8":"first","9":"instock","10":"shipping-taxable","11":"purchasable","12":"product-type-simple"},"_links":{"self":[{"href":"https:\/\/alacarachas.com\/home\/wp-json\/wp\/v2\/product\/2407","targetHints":{"allow":["GET"]}}],"collection":[{"href":"https:\/\/alacarachas.com\/home\/wp-json\/wp\/v2\/product"}],"about":[{"href":"https:\/\/alacarachas.com\/home\/wp-json\/wp\/v2\/types\/product"}],"replies":[{"embeddable":true,"href":"https:\/\/alacarachas.com\/home\/wp-json\/wp\/v2\/comments?post=2407"}],"wp:featuredmedia":[{"embeddable":true,"href":"https:\/\/alacarachas.com\/home\/wp-json\/wp\/v2\/media\/2421"}],"wp:attachment":[{"href":"https:\/\/alacarachas.com\/home\/wp-json\/wp\/v2\/media?parent=2407"}],"wp:term":[{"taxonomy":"product_brand","embeddable":true,"href":"https:\/\/alacarachas.com\/home\/wp-json\/wp\/v2\/product_brand?post=2407"},{"taxonomy":"product_cat","embeddable":true,"href":"https:\/\/alacarachas.com\/home\/wp-json\/wp\/v2\/product_cat?post=2407"},{"taxonomy":"product_tag","embeddable":true,"href":"https:\/\/alacarachas.com\/home\/wp-json\/wp\/v2\/product_tag?post=2407"}],"curies":[{"name":"wp","href":"https:\/\/api.w.org\/{rel}","templated":true}]}}