{"id":20,"date":"2019-04-18T11:08:43","date_gmt":"2019-04-18T11:08:43","guid":{"rendered":"https:\/\/envothemes.com\/envo-ecommerce\/product\/import-placeholder-for-51\/"},"modified":"2022-07-05T20:56:53","modified_gmt":"2022-07-05T20:56:53","slug":"canvas","status":"publish","type":"product","link":"https:\/\/alacarachas.com\/home\/producto\/canvas\/","title":{"rendered":"Canvas"},"content":{"rendered":"<p>Generalmente es utilizado para pintura art\u00edstica, tambi\u00e9n se puede imprimir sobre \u00e9l.<\/p>\n<p>Es un material tipo textil que permite resultados de la m\u00e1s alta calidad con un toque art\u00edstico, al imprimirse su acabado es similar al de una pintura, por las caracter\u00edsticas f\u00edsicas del lienzo los colores no tienen variaci\u00f3n, siendo fieles a la pieza digital.<\/p>\n","protected":false},"excerpt":{"rendered":"<p>Generalmente es utilizado para pintura art\u00edstica, tambi\u00e9n se puede imprimir sobre \u00e9l.<\/p>\n<p>Es un material tipo textil que permite resultados de la m\u00e1s alta calidad con un toque art\u00edstico, al imprimirse su acabado es similar al de una pintura, por las caracter\u00edsticas f\u00edsicas del lienzo los colores no tienen variaci\u00f3n, siendo fieles a la pieza digital.<\/p>\n","protected":false},"featured_media":796,"comment_status":"open","ping_status":"closed","template":"","meta":{"_monsterinsights_skip_tracking":false,"_monsterinsights_sitenote_active":false,"_monsterinsights_sitenote_note":"","_monsterinsights_sitenote_category":0},"product_brand":[],"product_cat":[45,33,52],"product_tag":[],"class_list":{"0":"post-20","1":"product","2":"type-product","3":"status-publish","4":"has-post-thumbnail","6":"product_cat-canvas-lienzos","7":"product_cat-impresion-digital","8":"product_cat-servicios","10":"first","11":"instock","12":"shipping-taxable","13":"purchasable","14":"product-type-simple"},"_links":{"self":[{"href":"https:\/\/alacarachas.com\/home\/wp-json\/wp\/v2\/product\/20","targetHints":{"allow":["GET"]}}],"collection":[{"href":"https:\/\/alacarachas.com\/home\/wp-json\/wp\/v2\/product"}],"about":[{"href":"https:\/\/alacarachas.com\/home\/wp-json\/wp\/v2\/types\/product"}],"replies":[{"embeddable":true,"href":"https:\/\/alacarachas.com\/home\/wp-json\/wp\/v2\/comments?post=20"}],"wp:featuredmedia":[{"embeddable":true,"href":"https:\/\/alacarachas.com\/home\/wp-json\/wp\/v2\/media\/796"}],"wp:attachment":[{"href":"https:\/\/alacarachas.com\/home\/wp-json\/wp\/v2\/media?parent=20"}],"wp:term":[{"taxonomy":"product_brand","embeddable":true,"href":"https:\/\/alacarachas.com\/home\/wp-json\/wp\/v2\/product_brand?post=20"},{"taxonomy":"product_cat","embeddable":true,"href":"https:\/\/alacarachas.com\/home\/wp-json\/wp\/v2\/product_cat?post=20"},{"taxonomy":"product_tag","embeddable":true,"href":"https:\/\/alacarachas.com\/home\/wp-json\/wp\/v2\/product_tag?post=20"}],"curies":[{"name":"wp","href":"https:\/\/api.w.org\/{rel}","templated":true}]}}