{"id":1861,"date":"2022-05-16T16:36:55","date_gmt":"2022-05-16T16:36:55","guid":{"rendered":"https:\/\/alacarachas.com\/home\/?post_type=product&#038;p=1861"},"modified":"2023-04-11T13:58:57","modified_gmt":"2023-04-11T13:58:57","slug":"roll-up","status":"publish","type":"product","link":"https:\/\/alacarachas.com\/home\/producto\/roll-up\/","title":{"rendered":"Roll up"},"content":{"rendered":"<p>Roll up\u00a0es sistema de exhibici\u00f3n auto enrollable con estructura de aluminio, materiales de fabricaci\u00f3n de alta durabilidad. Ideal para que puedas publicitar tu empresa o evento con un alto impacto visual, muy pr\u00e1ctico y f\u00e1cil de armar.<\/p>\n","protected":false},"excerpt":{"rendered":"<p>Roll up\u00a0es sistema de exhibici\u00f3n auto enrollable con estructura de aluminio, materiales de fabricaci\u00f3n de alta durabilidad. Ideal para que puedas publicitar tu empresa o evento con un alto impacto visual, muy pr\u00e1ctico y f\u00e1cil de armar.<\/p>\n<p>&nbsp;<\/p>\n","protected":false},"featured_media":1938,"comment_status":"open","ping_status":"closed","template":"","meta":{"_monsterinsights_skip_tracking":false,"_monsterinsights_sitenote_active":false,"_monsterinsights_sitenote_note":"","_monsterinsights_sitenote_category":0},"product_brand":[],"product_cat":[43,33,52],"product_tag":[],"class_list":{"0":"post-1861","1":"product","2":"type-product","3":"status-publish","4":"has-post-thumbnail","6":"product_cat-banner","7":"product_cat-impresion-digital","8":"product_cat-servicios","10":"first","11":"instock","12":"shipping-taxable","13":"purchasable","14":"product-type-simple"},"_links":{"self":[{"href":"https:\/\/alacarachas.com\/home\/wp-json\/wp\/v2\/product\/1861","targetHints":{"allow":["GET"]}}],"collection":[{"href":"https:\/\/alacarachas.com\/home\/wp-json\/wp\/v2\/product"}],"about":[{"href":"https:\/\/alacarachas.com\/home\/wp-json\/wp\/v2\/types\/product"}],"replies":[{"embeddable":true,"href":"https:\/\/alacarachas.com\/home\/wp-json\/wp\/v2\/comments?post=1861"}],"wp:featuredmedia":[{"embeddable":true,"href":"https:\/\/alacarachas.com\/home\/wp-json\/wp\/v2\/media\/1938"}],"wp:attachment":[{"href":"https:\/\/alacarachas.com\/home\/wp-json\/wp\/v2\/media?parent=1861"}],"wp:term":[{"taxonomy":"product_brand","embeddable":true,"href":"https:\/\/alacarachas.com\/home\/wp-json\/wp\/v2\/product_brand?post=1861"},{"taxonomy":"product_cat","embeddable":true,"href":"https:\/\/alacarachas.com\/home\/wp-json\/wp\/v2\/product_cat?post=1861"},{"taxonomy":"product_tag","embeddable":true,"href":"https:\/\/alacarachas.com\/home\/wp-json\/wp\/v2\/product_tag?post=1861"}],"curies":[{"name":"wp","href":"https:\/\/api.w.org\/{rel}","templated":true}]}}