{"id":18,"date":"2019-04-18T11:08:43","date_gmt":"2019-04-18T11:08:43","guid":{"rendered":"https:\/\/envothemes.com\/envo-ecommerce\/product\/import-placeholder-for-48\/"},"modified":"2022-07-05T20:56:34","modified_gmt":"2022-07-05T20:56:34","slug":"banner","status":"publish","type":"product","link":"https:\/\/alacarachas.com\/home\/producto\/banner\/","title":{"rendered":"Banner"},"content":{"rendered":"<p>El banner es un material pl\u00e1stico flexible, esta condici\u00f3n lo hace id\u00f3neo para ambientes exteriores, utilizado para pendones o vallas.<\/p>\n<p>Por su alta resistencia y buen comportamiento con la impresi\u00f3n digital, la lona o banner es ideal para usos exteriores por un tiempo prolongado, su vida \u00fatil expuesta a la intemperie sobrepasa los 3 a\u00f1os sin perder calidad .<\/p>\n","protected":false},"excerpt":{"rendered":"<p>El banner es un material pl\u00e1stico flexible, esta condici\u00f3n lo hace id\u00f3neo para ambientes exteriores, utilizado para pendones o vallas.<\/p>\n<p>Por su alta resistencia y buen comportamiento con la impresi\u00f3n digital, la lona o banner es ideal para usos exteriores por un tiempo prolongado, su vida \u00fatil expuesta a la intemperie sobrepasa los 3 a\u00f1os sin perder calidad .<\/p>\n","protected":false},"featured_media":825,"comment_status":"open","ping_status":"closed","template":"","meta":{"_monsterinsights_skip_tracking":false,"_monsterinsights_sitenote_active":false,"_monsterinsights_sitenote_note":"","_monsterinsights_sitenote_category":0},"product_brand":[],"product_cat":[43,33,52],"product_tag":[],"class_list":{"0":"post-18","1":"product","2":"type-product","3":"status-publish","4":"has-post-thumbnail","6":"product_cat-banner","7":"product_cat-impresion-digital","8":"product_cat-servicios","10":"first","11":"instock","12":"featured","13":"shipping-taxable","14":"purchasable","15":"product-type-simple"},"_links":{"self":[{"href":"https:\/\/alacarachas.com\/home\/wp-json\/wp\/v2\/product\/18","targetHints":{"allow":["GET"]}}],"collection":[{"href":"https:\/\/alacarachas.com\/home\/wp-json\/wp\/v2\/product"}],"about":[{"href":"https:\/\/alacarachas.com\/home\/wp-json\/wp\/v2\/types\/product"}],"replies":[{"embeddable":true,"href":"https:\/\/alacarachas.com\/home\/wp-json\/wp\/v2\/comments?post=18"}],"wp:featuredmedia":[{"embeddable":true,"href":"https:\/\/alacarachas.com\/home\/wp-json\/wp\/v2\/media\/825"}],"wp:attachment":[{"href":"https:\/\/alacarachas.com\/home\/wp-json\/wp\/v2\/media?parent=18"}],"wp:term":[{"taxonomy":"product_brand","embeddable":true,"href":"https:\/\/alacarachas.com\/home\/wp-json\/wp\/v2\/product_brand?post=18"},{"taxonomy":"product_cat","embeddable":true,"href":"https:\/\/alacarachas.com\/home\/wp-json\/wp\/v2\/product_cat?post=18"},{"taxonomy":"product_tag","embeddable":true,"href":"https:\/\/alacarachas.com\/home\/wp-json\/wp\/v2\/product_tag?post=18"}],"curies":[{"name":"wp","href":"https:\/\/api.w.org\/{rel}","templated":true}]}}