{"id":1702,"date":"2022-05-06T18:39:16","date_gmt":"2022-05-06T18:39:16","guid":{"rendered":"https:\/\/alacarachas.com\/home\/?post_type=product&#038;p=1702"},"modified":"2022-07-05T20:56:11","modified_gmt":"2022-07-05T20:56:11","slug":"tela-lapsof-bantec","status":"publish","type":"product","link":"https:\/\/alacarachas.com\/home\/producto\/tela-lapsof-bantec\/","title":{"rendered":"Tela Lapsof Bantec"},"content":{"rendered":"<p>La tela para impresi\u00f3n Lafsol Bantec es un lienzo producido por la empresa Digitex Lafayette, hecho a base de fibra de poli\u00e9ster, especialmente creada para la impresi\u00f3n digital y para la impresi\u00f3n con tintas solventes para pendones, pancartas y gigantograf\u00edas. Gracias a su dise\u00f1o, tiene un peso bastante liviano que lo hace el material indicado para la producci\u00f3n de material P.O.P o portapendones.<\/p>\n","protected":false},"excerpt":{"rendered":"<p>La tela para impresi\u00f3n Lafsol Bantec es un lienzo producido por la empresa Digitex Lafayette, hecho a base de fibra de poli\u00e9ster, especialmente creada para la impresi\u00f3n digital y para la impresi\u00f3n con tintas solventes para pendones, pancartas y gigantograf\u00edas. Gracias a su dise\u00f1o, tiene un peso bastante liviano que lo hace el material indicado para la producci\u00f3n de material P.O.P o portapendones.<\/p>\n","protected":false},"featured_media":796,"comment_status":"open","ping_status":"closed","template":"","meta":{"_monsterinsights_skip_tracking":false,"_monsterinsights_sitenote_active":false,"_monsterinsights_sitenote_note":"","_monsterinsights_sitenote_category":0},"product_brand":[],"product_cat":[45,33,52],"product_tag":[],"class_list":{"0":"post-1702","1":"product","2":"type-product","3":"status-publish","4":"has-post-thumbnail","6":"product_cat-canvas-lienzos","7":"product_cat-impresion-digital","8":"product_cat-servicios","10":"first","11":"instock","12":"shipping-taxable","13":"purchasable","14":"product-type-simple"},"_links":{"self":[{"href":"https:\/\/alacarachas.com\/home\/wp-json\/wp\/v2\/product\/1702","targetHints":{"allow":["GET"]}}],"collection":[{"href":"https:\/\/alacarachas.com\/home\/wp-json\/wp\/v2\/product"}],"about":[{"href":"https:\/\/alacarachas.com\/home\/wp-json\/wp\/v2\/types\/product"}],"replies":[{"embeddable":true,"href":"https:\/\/alacarachas.com\/home\/wp-json\/wp\/v2\/comments?post=1702"}],"wp:featuredmedia":[{"embeddable":true,"href":"https:\/\/alacarachas.com\/home\/wp-json\/wp\/v2\/media\/796"}],"wp:attachment":[{"href":"https:\/\/alacarachas.com\/home\/wp-json\/wp\/v2\/media?parent=1702"}],"wp:term":[{"taxonomy":"product_brand","embeddable":true,"href":"https:\/\/alacarachas.com\/home\/wp-json\/wp\/v2\/product_brand?post=1702"},{"taxonomy":"product_cat","embeddable":true,"href":"https:\/\/alacarachas.com\/home\/wp-json\/wp\/v2\/product_cat?post=1702"},{"taxonomy":"product_tag","embeddable":true,"href":"https:\/\/alacarachas.com\/home\/wp-json\/wp\/v2\/product_tag?post=1702"}],"curies":[{"name":"wp","href":"https:\/\/api.w.org\/{rel}","templated":true}]}}