{"id":1176,"date":"2022-05-06T14:23:03","date_gmt":"2022-05-06T14:23:03","guid":{"rendered":"https:\/\/alacarachas.com\/home\/?post_type=product&#038;p=1176"},"modified":"2022-07-19T21:26:25","modified_gmt":"2022-07-19T21:26:25","slug":"vinilo-adhesivo","status":"publish","type":"product","link":"https:\/\/alacarachas.com\/home\/producto\/vinilo-adhesivo\/","title":{"rendered":"Vinilo Adhesivo"},"content":{"rendered":"<p>Material resistente que se puede utilizar para distintos fines, es ideal para impresiones de gran formato, avisos y stickers donde se requiera la condici\u00f3n autoadhesiva.<\/p>\n","protected":false},"excerpt":{"rendered":"<p>Material resistente que se puede utilizar para distintos fines, es ideal para impresiones de gran formato, avisos y donde se requiera la condici\u00f3n autoadhesiva.<\/p>\n<p>Adem\u00e1s, su vida \u00fatil se extiende hasta los 7 a\u00f1os aproximadamente.<\/p>\n","protected":false},"featured_media":1964,"comment_status":"open","ping_status":"closed","template":"","meta":{"_monsterinsights_skip_tracking":false,"_monsterinsights_sitenote_active":false,"_monsterinsights_sitenote_note":"","_monsterinsights_sitenote_category":0},"product_brand":[],"product_cat":[33,52,42],"product_tag":[],"class_list":{"0":"post-1176","1":"product","2":"type-product","3":"status-publish","4":"has-post-thumbnail","6":"product_cat-impresion-digital","7":"product_cat-servicios","8":"product_cat-vinilo-adhesivo","10":"first","11":"instock","12":"shipping-taxable","13":"purchasable","14":"product-type-simple"},"_links":{"self":[{"href":"https:\/\/alacarachas.com\/home\/wp-json\/wp\/v2\/product\/1176","targetHints":{"allow":["GET"]}}],"collection":[{"href":"https:\/\/alacarachas.com\/home\/wp-json\/wp\/v2\/product"}],"about":[{"href":"https:\/\/alacarachas.com\/home\/wp-json\/wp\/v2\/types\/product"}],"replies":[{"embeddable":true,"href":"https:\/\/alacarachas.com\/home\/wp-json\/wp\/v2\/comments?post=1176"}],"wp:featuredmedia":[{"embeddable":true,"href":"https:\/\/alacarachas.com\/home\/wp-json\/wp\/v2\/media\/1964"}],"wp:attachment":[{"href":"https:\/\/alacarachas.com\/home\/wp-json\/wp\/v2\/media?parent=1176"}],"wp:term":[{"taxonomy":"product_brand","embeddable":true,"href":"https:\/\/alacarachas.com\/home\/wp-json\/wp\/v2\/product_brand?post=1176"},{"taxonomy":"product_cat","embeddable":true,"href":"https:\/\/alacarachas.com\/home\/wp-json\/wp\/v2\/product_cat?post=1176"},{"taxonomy":"product_tag","embeddable":true,"href":"https:\/\/alacarachas.com\/home\/wp-json\/wp\/v2\/product_tag?post=1176"}],"curies":[{"name":"wp","href":"https:\/\/api.w.org\/{rel}","templated":true}]}}